{"id":70,"date":"2016-12-20T13:03:06","date_gmt":"2016-12-20T12:03:06","guid":{"rendered":"http:\/\/www.gee-equestrian.de\/shop\/?page_id=70"},"modified":"2018-06-20T15:10:03","modified_gmt":"2018-06-20T13:10:03","slug":"story","status":"publish","type":"page","link":"https:\/\/www.gee-equestrian.de\/shop\/story\/","title":{"rendered":"Die Story"},"content":{"rendered":"<h1 class=\"page-title\">Aus der Idee heraus&#8230;<br \/>\nGEE Gerdes Equestrian Equipment<\/h1>\n<p>Die Story: Aufgewachsen bin ich in einer generationsreichen Z\u00fcchter- und Reiterfamilie und\u00a0bereits seit meinem sechsten Lebensjahr aktiv\u00a0im\u00a0Springsattel unterwegs. Bereits in jungen Jahren konnte ich u. a. den Weser-Ems-Meistertitel gewinnen und seitdem\u00a0Erfolge bis zur Klasse S verbuchen. Im Jahr 2008\u00a0wechselte\u00a0ich als Bereiter zum Gest\u00fct\u00a0der Familie Paul Wendeln in Garrel\u00a0und habe dort vor einiger Zeit die Aufgaben des Gest\u00fctsleiters \u00fcbernommen.<\/p>\n<p>Aus der Idee heraus, den Reitsport sicherer zu machen, ist mir im Jahre 2011 der Gedanke gekommen, einen Verschluss zu entwickeln, der einen Sturz durch das Verfangen der Vordergliedma\u00dfen\u00a0im Hilfsz\u00fcgel verhindern soll.<\/p>\n<p>Im Springsport ist es lange bekannt, dass die Gefahr des Verfangens in den Hilfsz\u00fcgel w\u00e4hrend eines Sprungs besteht und es dadurch zu schweren physischen und psychischen Verletzungen bei Reiter und Pferd f\u00fchrt.<\/p>\n<p>Nach einem folgenschweren Sturz\u00a0im n\u00e4heren Bekanntenkreis sa\u00df ich mit einigen\u00a0Reitkollegen bei einem Bierchen zusammen und gemeinsam haben wir \u00fcberlegt, wie an diesem bestehenden Problem Abhilfe geschaffen werden kann.<\/p>\n<p>Die Vision der Funktion des Verschlusses hatte ich prompt, jedoch erforderte es zun\u00e4chst viele \u00dcberlegungen und etliche Stunden in der Maschinenbaufirma meines Vaters, um dem heutigen Sicherheitsverschluss nahe zu kommen. F\u00fcr diese Entwicklungsphase kam mir nat\u00fcrlich meine erste Ausbildung als Maschinenbaumechaniker zu Gute.<\/p>\n<p>Schnell kam mir der Gedanke den Verschluss sch\u00fctzen zu lassen und zwar in erster Linie mit einer Patentanmeldung. Daf\u00fcr erstellte ich s\u00e4mtliche Zeichnungen und verfasste Erkl\u00e4rungen und meine Anspr\u00fcche und reichte diese durch einen spezialisierten Anwalt ein. Anschlie\u00dfend f\u00fchrte das Deutsche Patent- und Markenamt eine Recherche zum Stand der Technik ausschlie\u00dflich im Zusammenhang mit meiner Patentanmeldung durch. Nach etlichen Monaten der Ungewissheit erhielt ich die gro\u00dfartige Nachricht der Recherche, dass die Idee der Funktion meines Verschlusses weltweit einzigartig ist. Dieser Moment war sehr bewegend f\u00fcr mich, da erst ab diesem Zeitpunkt die Gewissheit bestand, dass sich die jahrelange M\u00fche, Arbeit und Investitionen gelohnt haben:\u00a0der\u00a0GEE Safety Clip war geschaffen!<\/p>\n<p>Ich hoffe, dass das Unfallrisiko im Reitsport mit dem GEE Safety Clip\u00a0deutlich minimiert werden kann!<\/p>\n<p><em><strong>Ihr Gerd Gerdes<\/strong><\/em><\/p>\n","protected":false},"excerpt":{"rendered":"<p>Aus der Idee heraus&#8230; GEE Gerdes Equestrian Equipment Die Story: Aufgewachsen bin ich in einer generationsreichen Z\u00fcchter- und Reiterfamilie und\u00a0bereits seit meinem sechsten Lebensjahr aktiv\u00a0im\u00a0Springsattel unterwegs. Bereits in jungen Jahren konnte ich u. a. den Weser-Ems-Meistertitel gewinnen und seitdem\u00a0Erfolge bis zur Klasse S verbuchen. Im Jahr 2008\u00a0wechselte\u00a0ich als Bereiter zum Gest\u00fct\u00a0der Familie Paul Wendeln in [&hellip;]<\/p>\n","protected":false},"author":1,"featured_media":0,"parent":0,"menu_order":0,"comment_status":"closed","ping_status":"closed","template":"","meta":[],"_links":{"self":[{"href":"https:\/\/www.gee-equestrian.de\/shop\/wp-json\/wp\/v2\/pages\/70"}],"collection":[{"href":"https:\/\/www.gee-equestrian.de\/shop\/wp-json\/wp\/v2\/pages"}],"about":[{"href":"https:\/\/www.gee-equestrian.de\/shop\/wp-json\/wp\/v2\/types\/page"}],"author":[{"embeddable":true,"href":"https:\/\/www.gee-equestrian.de\/shop\/wp-json\/wp\/v2\/users\/1"}],"replies":[{"embeddable":true,"href":"https:\/\/www.gee-equestrian.de\/shop\/wp-json\/wp\/v2\/comments?post=70"}],"version-history":[{"count":7,"href":"https:\/\/www.gee-equestrian.de\/shop\/wp-json\/wp\/v2\/pages\/70\/revisions"}],"predecessor-version":[{"id":216,"href":"https:\/\/www.gee-equestrian.de\/shop\/wp-json\/wp\/v2\/pages\/70\/revisions\/216"}],"wp:attachment":[{"href":"https:\/\/www.gee-equestrian.de\/shop\/wp-json\/wp\/v2\/media?parent=70"}],"curies":[{"name":"wp","href":"https:\/\/api.w.org\/{rel}","templated":true}]}}