{"id":28,"date":"2016-12-07T09:21:41","date_gmt":"2016-12-07T08:21:41","guid":{"rendered":"http:\/\/www.gee-equestrian.de\/shop\/datenschutzbelehrung\/"},"modified":"2016-12-20T12:26:03","modified_gmt":"2016-12-20T11:26:03","slug":"datenschutzbelehrung","status":"publish","type":"page","link":"https:\/\/www.gee-equestrian.de\/shop\/datenschutzbelehrung\/","title":{"rendered":"Datenschutzbelehrung"},"content":{"rendered":"<h1 class=\"page-title\">Datenschutzbelehrung<\/h1>\n<p><strong>\u00a7 1 Allgemeines<\/strong><br \/>\nIhre personenbezogenen Daten (z.B. Anrede, Name, Anschrift, E-Mail-Adresse, Telefonnummer, Bankverbindung, Kreditkartennummer) werden von uns nur gem\u00e4\u00df den Bestimmungen des deutschen Datenschutzrechts verarbeitet. Die nachfolgenden Vorschriften informieren Sie \u00fcber Art, Umfang und Zweck der Erhebung, Verarbeitung und Nutzung personenbezogener Daten. Diese Datenschutzerkl\u00e4rung bezieht sich nur auf unsere Webseiten. Falls Sie \u00fcber Links auf unseren Seiten auf andere Seiten weitergeleitet werden, informieren Sie sich bitte dort \u00fcber den jeweiligen Umgang mit Ihren Daten.<\/p>\n<p><strong>\u00a7 2 Bestandsdaten<\/strong><br \/>\n1. Ihre personenbezogenen Daten, soweit diese f\u00fcr die Begr\u00fcndung, inhaltliche Ausgestaltung oder \u00c4nderung des Vertragsverh\u00e4ltnisses erforderlich sind (Bestandsdaten), werden ausschlie\u00dflich zur Vertragsabwicklung verwendet. So muss z.B. zur Zustellung der Waren Ihr Name und Ihre Anschrift an den Warenlieferanten weitergegeben werden.<br \/>\n2. Ohne Ihre ausdr\u00fcckliche Einwilligung oder ohne gesetzliche Grundlage werden Ihre personenbezogenen Daten nicht an au\u00dferhalb der Vertragsabwicklung stehende Dritte weitergegeben. Nach vollst\u00e4ndiger Vertragsabwicklung werden Ihre Daten f\u00fcr die weitere Verwendung gesperrt. Nach Ablauf der steuer- und handelsrechtlichen Vorschriften werden diese Daten gel\u00f6scht, sofern Sie nicht ausdr\u00fccklich in die weitere Nutzung eingewilligt haben.<\/p>\n<p><strong>\u00a7 3 Webanalyse mit etracker<\/strong><br \/>\nAuf dieser Website werden mit Technologien der etracker GmbH (www.etracker.com) Daten zu Marketing- und Optimierungszwecken gesammelt und gespeichert. Aus diesen Daten k\u00f6nnen unter einem Pseudonym Nutzungsprofile erstellt werden. Hierzu k\u00f6nnen Cookies eingesetzt werden. Bei Cookies handelt es sich um kleine Textdateien, die lokal im Zwischenspeicher des Internetbrowsers des Seitenbesuchers gespeichert werden. Die Cookies erm\u00f6glichen die Wiedererkennung des Internetbrowsers. Die mit den etracker-Technologien erhobenen Daten werden ohne die gesondert erteilte Zustimmung des Betroffenen nicht dazu benutzt, den Besucher dieser Website pers\u00f6nlich zu identifizieren und nicht mit personenbezogenen Daten \u00fcber den Tr\u00e4ger des Pseudonyms zusammengef\u00fchrt.Der Datenerhebung und -speicherung kann jederzeit mit Wirkung f\u00fcr die Zukunft widersprochen werden. Widerspruch aus\u00fcben<\/p>\n<p><strong>\u00a7 4 Informationen \u00fcber Cookies<\/strong><br \/>\n1. Zur Optimierung unseres Internetauftritts setzen wir Cookies ein. Es handelt sich dabei um kleine Textdateien, die im Arbeitsspeicher Ihres Computers gespeichert werden. Diese Cookies werden nach dem Schlie\u00dfen des Browsers wieder gel\u00f6scht. Andere Cookies verbleiben auf Ihrem Rechner (Langzeit-Cookies) und erkennen ihn beim n\u00e4chsten Besuch wieder. Dadurch k\u00f6nnen wir Ihnen einen besseren Zugang auf unsere Seite erm\u00f6glichen.<br \/>\n2. Das Speichern von Cookies k\u00f6nnen Sie verhindern, indem Sie in Ihren Browser-Einstellungen &#8220;Cookies blockieren&#8221; w\u00e4hlen. Dies kann aber eine Funktionseinschr\u00e4nkung unserer Angebote zur Folge haben.<\/p>\n<p><strong>\u00a7 5 Social Plugins von Facebook<\/strong><br \/>\nWir verwenden Social Plugins von <a href=\"http:\/\/www.facebook.com\" target=\"_blank\">Facebook.com<\/a>, betrieben durch Facebook Inc., 1601 S. California Ave, Palo Alto, CA 94304, USA. Die Plugins sind an dem Facebook Logo oder dem Zusatz &#8220;Facebook Social Plugin&#8221; zu erkennen. Wenn Sie eine Seite mit einem Plugin aufrufen, wird \u00fcber Ihren Browser eine Verbindung zu den Facebook-Servern hergestellt. Es werden Daten (z.B. Ihre IP-Adresse, welche Webseiten Sie aufgerufen haben) an diese \u00fcbermittelt und dort gespeichert, auch wenn Sie kein Facebook-Konto besitzen oder gerade nicht bei Facebook eingeloggt sind. Wenn Sie z.B. den &#8220;Gef\u00e4llt mir&#8221; Button anklicken oder eine Kommentar abgeben, wird die entsprechende Information von Ihrem Browser ebenfalls direkt an Facebook \u00fcbermittelt und dort gespeichert. Weiterhin macht Facebook Ihre Vorlieben f\u00fcr Ihre Facebook-Freunde \u00f6ffentlich. Sind Sie bei Facebook eingeloggt, kann Facebook den Aufruf unserer Seite Ihrem Facebook-Konto direkt zuordnen. Facebook kann diese Informationen zum Zwecke der Werbung, Marktforschung und bedarfsgerechten Gestaltung der Facebook-Seiten benutzen. Hierzu werden von Facebook Nutzungs-, Interessen- und Beziehungsprofile erstellt, z.B. um Ihre Nutzung unserer Website im Hinblick auf die Ihnen bei Facebook eingeblendeten Werbeanzeigen auszuwerten.<\/p>\n<p>Details zum Umgang mit Ihren pers\u00f6nlichen Daten durch Facebook sowie Ihren diesbez\u00fcglichen Rechten entnehmen Sie bitte den Datenschutzhinweisen von Facebook. Wenn Sie nicht m\u00f6chten, dass Facebook die \u00fcber unsere Webseiten \u00fcber Sie gesammelten Daten Ihrem Facebook-Konto zuordnet, m\u00fcssen Sie sich vor Ihrem Besuch unserer Webseiten bei Facebook ausloggen. Sie k\u00f6nnen das Laden der Facebook Plugins auch mit Add-Ons f\u00fcr Ihren Browser komplett verhindern, z.B. mit dem &#8220;Facebook Blocker&#8221; (Facebook).<\/p>\n<p><strong>\u00a7 6 Social Plugins von Google+<\/strong><br \/>\nAuf unserer Website werden sog. Social Plugins (&#8220;Plugins&#8221;) des sozialen Netzwerkes Google+, das von der Google Inc., 1600 Amphitheatre Parkway, Mountain View, CA 94043, USA (&#8220;Google&#8221;) betrieben wird. Die Plugins sind z.B. an Buttons mit dem Zeichen &#8220;+1&#8221; auf wei\u00dfem oder farbigem Hintergrund erkennbar. Eine \u00dcbersicht \u00fcber die Google Plugins und deren Aussehen finden Sie hier: https:\/\/developers.google.com\/+\/plugins<\/p>\n<p>Wenn Sie eine Seite unseres Webauftritts aufrufen, die ein solches Plugin enth\u00e4lt, baut Ihr Browser eine direkte Verbindung zu den Servern von Google auf. Der Inhalt des Plugins wird von Google direkt an Ihren Browser \u00fcbermittelt und in die Seite eingebunden. Durch die Einbindung erh\u00e4lt Google die Information, dass Ihr Browser die entsprechende Seite unseres Webauftritts aufgerufen hat, auch wenn Sie kein Profil bei Google+ besitzen oder gerade nicht bei Google+ eingeloggt sind. Diese Information (einschlie\u00dflich Ihrer IP-Adresse) wird von Ihrem Browser direkt an einen Server von Google in die USA \u00fcbermittelt und dort gespeichert.<\/p>\n<p>Sind Sie bei Google+ eingeloggt, kann Google den Besuch unserer Website Ihrem Google+ Profil unmittelbar zuordnen. Wenn Sie mit den Plugins interagieren, zum Beispiel den &#8220;+1&#8221;-Button bet\u00e4tigen, wird die entsprechende Information ebenfalls direkt an einen Server von Google \u00fcbermittelt und dort gespeichert. Die Informationen werden au\u00dferdem auf Google+ ver\u00f6ffentlicht und Ihren Kontakten auf Google+ angezeigt.<\/p>\n<p>Zweck und Umfang der Datenerhebung und die weitere Verarbeitung und Nutzung der Daten durch Google sowie Ihre diesbez\u00fcglichen Rechte und Einstellungsm\u00f6glichkeiten zum Schutz Ihrer Privatsph\u00e4re entnehmen Sie bitte den Datenschutzhinweisen von Google: <a href=\"http:\/\/www.google.com\/intl\/de\/+\/policy\/+1button.html\" target=\"_blank\">http:\/\/www.google.com\/intl\/de\/+\/policy\/+1button.html <\/a><\/p>\n<p>Wenn Sie nicht m\u00f6chten, dass Google die \u00fcber unseren Webauftritt gesammelten Daten unmittelbar Ihrem Profil auf Google+ zuordnet, m\u00fcssen Sie sich vor Ihrem Besuch unserer Website bei Google+ ausloggen. Sie k\u00f6nnen das Laden der Google Plugins auch mit Add-Ons f\u00fcr Ihren Browser komplett verhindern.<\/p>\n<p><strong>\u00a7 7 Newsletter<\/strong><br \/>\nBei Anmeldung zum Newsletter wird Ihre E-Mail-Adresse f\u00fcr eigene Werbezwecke genutzt, bis Sie sich vom Newsletter abmelden. Die Abmeldung ist jederzeit m\u00f6glich. Die nachstehende Einwilligung haben Sie gesondert oder ggf. im Verlauf des Bestellprozesses ausdr\u00fccklich erteilt:<\/p>\n<p>Newsletter abonnieren<\/p>\n<p>Ihre Einwilligung k\u00f6nnen Sie jederzeit mit Wirkung f\u00fcr die Zukunft widerrufen. Wenn Sie den Newsletter nicht weiter beziehen wollen, dann k\u00f6nnen Sie sich folgenderma\u00dfen abmelden: Abmeldelink im Newsletter.<\/p>\n<p><strong>\u00a7 8 Auskunft<\/strong><br \/>\nNach dem Bundesdatenschutzgesetz haben Sie ein Recht auf unentgeltliche Auskunft \u00fcber Ihre gespeicherten Daten sowie ggf. ein Recht auf Berichtigung, Sperrung oder L\u00f6schung dieser Daten. Fragen k\u00f6nnen Sie z. B. \u00fcber die folgende E-Mail-Adresse stellen: gerdgerdes.gee@gmail.com<\/p>\n","protected":false},"excerpt":{"rendered":"<p>Datenschutzbelehrung \u00a7 1 Allgemeines Ihre personenbezogenen Daten (z.B. Anrede, Name, Anschrift, E-Mail-Adresse, Telefonnummer, Bankverbindung, Kreditkartennummer) werden von uns nur gem\u00e4\u00df den Bestimmungen des deutschen Datenschutzrechts verarbeitet. Die nachfolgenden Vorschriften informieren Sie \u00fcber Art, Umfang und Zweck der Erhebung, Verarbeitung und Nutzung personenbezogener Daten. Diese Datenschutzerkl\u00e4rung bezieht sich nur auf unsere Webseiten. Falls Sie \u00fcber Links [&hellip;]<\/p>\n","protected":false},"author":1,"featured_media":0,"parent":0,"menu_order":0,"comment_status":"closed","ping_status":"closed","template":"","meta":[],"_links":{"self":[{"href":"https:\/\/www.gee-equestrian.de\/shop\/wp-json\/wp\/v2\/pages\/28"}],"collection":[{"href":"https:\/\/www.gee-equestrian.de\/shop\/wp-json\/wp\/v2\/pages"}],"about":[{"href":"https:\/\/www.gee-equestrian.de\/shop\/wp-json\/wp\/v2\/types\/page"}],"author":[{"embeddable":true,"href":"https:\/\/www.gee-equestrian.de\/shop\/wp-json\/wp\/v2\/users\/1"}],"replies":[{"embeddable":true,"href":"https:\/\/www.gee-equestrian.de\/shop\/wp-json\/wp\/v2\/comments?post=28"}],"version-history":[{"count":2,"href":"https:\/\/www.gee-equestrian.de\/shop\/wp-json\/wp\/v2\/pages\/28\/revisions"}],"predecessor-version":[{"id":54,"href":"https:\/\/www.gee-equestrian.de\/shop\/wp-json\/wp\/v2\/pages\/28\/revisions\/54"}],"wp:attachment":[{"href":"https:\/\/www.gee-equestrian.de\/shop\/wp-json\/wp\/v2\/media?parent=28"}],"curies":[{"name":"wp","href":"https:\/\/api.w.org\/{rel}","templated":true}]}}