{"id":20,"date":"2016-12-06T10:33:21","date_gmt":"2016-12-06T09:33:21","guid":{"rendered":"http:\/\/www.gee-equestrian.de\/shop\/?page_id=20"},"modified":"2017-09-13T16:21:15","modified_gmt":"2017-09-13T14:21:15","slug":"impressum","status":"publish","type":"page","link":"https:\/\/www.gee-equestrian.de\/shop\/impressum\/","title":{"rendered":"Impressum"},"content":{"rendered":"<p><em>Angaben gem. \u00a75 TMG:<\/em><br \/>\n<strong>GEE GmbH<br \/>\nGerdes Equestrian Equipment<\/strong><br \/>\nFalkenstra\u00dfe 3<br \/>\n49681 Garrel<\/p>\n<p>Tel. (+49) (0) 44 74 &#8211; 93 20 55<br \/>\nMobil (+49) (0) 1 73 &#8211; 21 60 149<br \/>\nFax (+49) (0) 44 74 &#8211; 93 20 56<br \/>\ne-Mail:\u00a0<span style=\"color: #a61414;\">info@gee-equestrian.de<\/span><br \/>\nWeb: <a href=\"http:\/\/www.gee-equestrian.de\"><span style=\"color: #a61414;\">www.gee-equestrian.de<br \/>\n<\/span><\/a><\/p>\n<p>Vertreten durch den Gesch\u00e4ftsf\u00fchrer\u00a0Gerd Gerdes<\/p>\n<p>\u2014\u2014\u2014\u2014\u2014\u2014\u2014\u2014\u2014\u2014\u2014\u2014\u2014\u2014\u2014\u2014\u2014\u2014\u2014\u2013<\/p>\n<p><strong>Haftung f\u00fcr Inhalte<br \/>\n<\/strong> Die Inhalte unserer Seiten wurden mit gr\u00f6\u00dfter Sorgfalt erstellt. F\u00fcr die Richtigkeit, Vollst\u00e4ndigkeit und Aktualit\u00e4t der Inhalte k\u00f6nnen wir jedoch keine Gew\u00e4hr \u00fcbernehmen..<\/p>\n<p><strong>Haftung f\u00fcr Links<\/strong><br \/>\nUnser Angebot enth\u00e4lt Links zu externen Webseiten Dritter, auf deren Inhalte wir keinen Einfluss haben. Deshalb k\u00f6nnen wir f\u00fcr diese fremden Inhalte auch keine Gew\u00e4hr \u00fcbernehmen. F\u00fcr die Inhalte der verlinkten Seiten ist stets der jeweilige Anbieter oder Betreiber der Seiten verantwortlich. Die verlinkten Seiten wurden zum Zeitpunkt der Verlinkung auf m\u00f6gliche Rechtsverst\u00f6\u00dfe \u00fcberpr\u00fcft. Rechtswidrige Inhalte waren zum Zeitpunkt der Verlinkung nicht erkennbar. Eine permanente inhaltliche Kontrolle der verlinkten Seiten ist jedoch ohne konkrete Anhaltspunkte einer Rechtsverletzung nicht zumutbar. Bei bekannt werden von Rechtsverletzungen werden wir derartige Links umgehend entfernen.<\/p>\n<p><strong>Urheberrecht<\/strong><br \/>\nDie durch die Seitenbetreiber erstellten Inhalte und Werke auf diesen Seiten unterliegen dem deutschen Urheberrecht. Beitr\u00e4ge Dritter sind als solche gekennzeichnet. Die Vervielf\u00e4ltigung, Bearbeitung, Verbreitung und jede Art der Verwertung au\u00dferhalb der Grenzen des Urheberrechtes bed\u00fcrfen der schriftlichen Zustimmung des jeweiligen Autors bzw. Erstellers. Downloads und Kopien dieser Seite sind nur f\u00fcr den privaten, nicht kommerziellen Gebrauch gestattet.<\/p>\n<p><strong>Markenzeichen<br \/>\n<\/strong>Soweit nicht anders angegeben, sind alle Markenzeichen auf\u00a0diesen Seiten\u00a0markenrechtlich gesch\u00fctzt. Dies gilt insbesondere f\u00fcr Marken- und Firmenlogos Dritter.<\/p>\n<p><strong>Datenschutz<\/strong><br \/>\nSoweit auf\u00a0diesen Seiten personenbezogene Daten (beispielsweise Name, Anschrift oder eMail-Adressen) erhoben werden, erfolgt dies stets auf freiwilliger Basis, jedoch werden mit jedem Besuch der angebotenen Seiten personenunabh\u00e4ngige Serverdaten protokolliert, die lediglich zu statistischen Zwecken und zur Verfolgung von Urheberrechtsverletzungen ausgewertet werden. Die Nutzung der Angebote und Dienste ist, soweit m\u00f6glich, stets ohne Angabe personenbezogener Daten m\u00f6glich. Der Nutzung von im Rahmen der Impressumpflicht ver\u00f6ffentlichten Kontaktdaten durch Dritte zur \u00dcbersendung von nicht ausdr\u00fccklich angeforderter Werbung und Informationsmaterialien wird hiermit ausdr\u00fccklich widersprochen. Die Betreiber der Seiten behalten sich ausdr\u00fccklich rechtliche Schritte im Falle der unverlangten Zusendung von Werbeinformationen, etwa durch Spam-Mails, vor.<\/p>\n<p><strong>Datenschutzerkl\u00e4rung f\u00fcr die Nutzung von Facebook-Plugins<br \/>\n<\/strong>Auf\u00a0diesen Seiten sind Plugins des sozialen Netzwerks Facebook, 1601 South California Avenue, Palo Alto, CA 94304, USA integriert. Die Facebook-Plugins erkennen Sie an dem Facebook-Logo oder dem \u201eLike-Button\u201c (\u201eGef\u00e4llt mir\u201c) auf unserer Seite. Eine \u00dcbersicht \u00fcber die Facebook-Plugins finden Sie hier: <a href=\"http:\/\/developers.facebook.com\/docs\/plugins\/\" target=\"_blank\" rel=\"nofollow noopener noreferrer\"><span style=\"color: #a61414;\">http:\/\/developers.facebook.com\/docs\/plugins\/<\/span><\/a> Wenn Sie unsere Seiten besuchen, wird \u00fcber das Plugin eine direkte Verbindung zwischen Ihrem Browser und dem Facebook-Server hergestellt. Facebook erh\u00e4lt dadurch die Information, dass Sie mit Ihrer IP-Adresse unsere Seite besucht haben. Wenn Sie den Facebook \u201eLike-Button\u201c anklicken w\u00e4hrend Sie in Ihrem Facebook-Account eingeloggt sind, k\u00f6nnen Sie die Inhalte unserer Seiten auf Ihrem Facebook-Profil verlinken. Dadurch kann Facebook den Besuch unserer Seiten Ihrem Benutzerkonto zuordnen. Wir weisen darauf hin, dass wir als Anbieter der Seiten keine Kenntnis vom Inhalt der \u00fcbermittelten Daten sowie deren Nutzung durch Facebook erhalten. Weitere Informationen hierzu finden Sie in der Datenschutzerkl\u00e4rung von facebook unter <a href=\"http:\/\/de-de.facebook.com\/policy.php\" target=\"_blank\" rel=\"nofollow noopener noreferrer\"><span style=\"color: #a61414;\">http:\/\/de-de.facebook.com\/policy.php<\/span><\/a><\/p>\n<p>Wenn Sie nicht w\u00fcnschen, dass Facebook den Besuch unserer Seiten Ihrem Facebook-Nutzerkonto zuordnen kann, loggen Sie sich bitte aus Ihrem Facebook-Benutzerkonto aus.<\/p>\n<p><strong>Technische Realisation\/ Layout:<br \/>\n<\/strong> DW Webdesign<br \/>\n<a href=\"http:\/\/www.dw-webdesign.com\/\">www.dw-webdesign.com<\/a><\/p>\n<p>Fotorechte: ProFoto<br \/>\n\u00a9 G. Gerdes<\/p>\n<h3>Beschwerdeverfahren<\/h3>\n<p>Online-Streitbeilegung gem\u00e4\u00df Art. 14 Abs. 1 ODR-VO: Die Europ\u00e4ische Kommission stellt eine Plattform zur Online-Streitbeilegung (OS) bereit, die unter <a href=\"http:\/\/ec.europa.eu\/consumers\/odr\/\" target=\"_blank\" rel=\"noopener noreferrer\"><span style=\"color: #a61414;\">http:\/\/ec.europa.eu\/consumers\/odr\/<\/span><\/a> zu finden ist.<\/p>\n","protected":false},"excerpt":{"rendered":"<p>Angaben gem. \u00a75 TMG: GEE GmbH Gerdes Equestrian Equipment Falkenstra\u00dfe 3 49681 Garrel Tel. (+49) (0) 44 74 &#8211; 93 20 55 Mobil (+49) (0) 1 73 &#8211; 21 60 149 Fax (+49) (0) 44 74 &#8211; 93 20 56 e-Mail:\u00a0info@gee-equestrian.de Web: www.gee-equestrian.de Vertreten durch den Gesch\u00e4ftsf\u00fchrer\u00a0Gerd Gerdes \u2014\u2014\u2014\u2014\u2014\u2014\u2014\u2014\u2014\u2014\u2014\u2014\u2014\u2014\u2014\u2014\u2014\u2014\u2014\u2013 Haftung f\u00fcr Inhalte Die Inhalte unserer [&hellip;]<\/p>\n","protected":false},"author":1,"featured_media":0,"parent":0,"menu_order":0,"comment_status":"closed","ping_status":"closed","template":"","meta":[],"_links":{"self":[{"href":"https:\/\/www.gee-equestrian.de\/shop\/wp-json\/wp\/v2\/pages\/20"}],"collection":[{"href":"https:\/\/www.gee-equestrian.de\/shop\/wp-json\/wp\/v2\/pages"}],"about":[{"href":"https:\/\/www.gee-equestrian.de\/shop\/wp-json\/wp\/v2\/types\/page"}],"author":[{"embeddable":true,"href":"https:\/\/www.gee-equestrian.de\/shop\/wp-json\/wp\/v2\/users\/1"}],"replies":[{"embeddable":true,"href":"https:\/\/www.gee-equestrian.de\/shop\/wp-json\/wp\/v2\/comments?post=20"}],"version-history":[{"count":4,"href":"https:\/\/www.gee-equestrian.de\/shop\/wp-json\/wp\/v2\/pages\/20\/revisions"}],"predecessor-version":[{"id":179,"href":"https:\/\/www.gee-equestrian.de\/shop\/wp-json\/wp\/v2\/pages\/20\/revisions\/179"}],"wp:attachment":[{"href":"https:\/\/www.gee-equestrian.de\/shop\/wp-json\/wp\/v2\/media?parent=20"}],"curies":[{"name":"wp","href":"https:\/\/api.w.org\/{rel}","templated":true}]}}