{"id":2,"date":"2016-12-05T14:14:53","date_gmt":"2016-12-05T13:14:53","guid":{"rendered":"http:\/\/www.gee-equestrian.de\/shop\/?page_id=2"},"modified":"2022-09-26T16:16:38","modified_gmt":"2022-09-26T14:16:38","slug":"gee-gerdes-equestrian-equipment","status":"publish","type":"page","link":"https:\/\/www.gee-equestrian.de\/shop\/","title":{"rendered":"GEE Gerdes Equestrian Equipment"},"content":{"rendered":"<h1 class=\"page-title\">F\u00dcR DIE SICHERHEIT IM REITSPORT<\/h1>\n<p><strong>GEE Gerdes Equestrian Equipment: &#8220;Safety First&#8221; &#8211; ein immer allgegenw\u00e4rtiges Motto\u00a0im Reitsport!<\/strong><br \/>\nNeben dem nicht minder wichtigen und effektiven Schutz, n\u00e4mlich der soliden Ausbildung von Pferd und Reiter, spielt auch die Ausr\u00fcstung eine wichtige Rolle bei der Minimierung von Unfallrisiken. Qualitativ hochwertiges und strapazierf\u00e4higes Material sowie innovative L\u00f6sungen tragen einen Gro\u00dfteil dazu bei.<\/p>\n<p><strong>Der &#8220;GEE Safety Verschluss&#8221; ist solch eine Innovation<\/strong> &#8211; entstanden durch Erfahrungswerte und jahrelange Entwicklung.<br \/>\nSchon oft gab es schwere St\u00fcrze, weil das Pferd z.B. \u00fcber dem Sprung mit den Vorderbeinen im\u00a0Hilfsz\u00fcgel h\u00e4ngen geblieben ist. Der GEE\u00a0Safety Verschluss\u00a0wurde mit einer speziellen Technik entwickelt, die daf\u00fcr sorgt, dass sich\u00a0der Hilfsz\u00fcgel\u00a0bei diesem Druck durch das Pferdebein sofort aus dem Sattelgurt l\u00f6st und somit ein H\u00e4ngenbleiben vermieden wird. Da diese Gefahr nicht nur im Spring- oder Vielseitigkeitssport besteht, sondern auch in der t\u00e4glichen Arbeit mit Hilfsz\u00fcgeln, bietet\u00a0dieses System\u00a0Schutz und Sicherheit.<\/p>\n<hr \/>\n<hr \/>\n<div class=\"epyt-video-wrapper\"><iframe  id=\"_ytid_30343\"  width=\"1000\" height=\"563\"  data-origwidth=\"1000\" data-origheight=\"563\"  src=\"https:\/\/www.youtube.com\/embed\/566HOr9MfuY?enablejsapi=1&autoplay=1&cc_load_policy=0&cc_lang_pref=&iv_load_policy=1&loop=0&modestbranding=0&rel=1&fs=1&playsinline=0&autohide=2&theme=dark&color=red&controls=1&\" class=\"__youtube_prefs__  no-lazyload\" title=\"YouTube player\"  allow=\"autoplay; encrypted-media\" allowfullscreen data-no-lazy=\"1\" data-skipgform_ajax_framebjll=\"\"><\/iframe><\/div>\n","protected":false},"excerpt":{"rendered":"<p>F\u00dcR DIE SICHERHEIT IM REITSPORT GEE Gerdes Equestrian Equipment: &#8220;Safety First&#8221; &#8211; ein immer allgegenw\u00e4rtiges Motto\u00a0im Reitsport! Neben dem nicht minder wichtigen und effektiven Schutz, n\u00e4mlich der soliden Ausbildung von Pferd und Reiter, spielt auch die Ausr\u00fcstung eine wichtige Rolle bei der Minimierung von Unfallrisiken. Qualitativ hochwertiges und strapazierf\u00e4higes Material sowie innovative L\u00f6sungen tragen einen [&hellip;]<\/p>\n","protected":false},"author":1,"featured_media":0,"parent":0,"menu_order":0,"comment_status":"closed","ping_status":"closed","template":"","meta":[],"_links":{"self":[{"href":"https:\/\/www.gee-equestrian.de\/shop\/wp-json\/wp\/v2\/pages\/2"}],"collection":[{"href":"https:\/\/www.gee-equestrian.de\/shop\/wp-json\/wp\/v2\/pages"}],"about":[{"href":"https:\/\/www.gee-equestrian.de\/shop\/wp-json\/wp\/v2\/types\/page"}],"author":[{"embeddable":true,"href":"https:\/\/www.gee-equestrian.de\/shop\/wp-json\/wp\/v2\/users\/1"}],"replies":[{"embeddable":true,"href":"https:\/\/www.gee-equestrian.de\/shop\/wp-json\/wp\/v2\/comments?post=2"}],"version-history":[{"count":31,"href":"https:\/\/www.gee-equestrian.de\/shop\/wp-json\/wp\/v2\/pages\/2\/revisions"}],"predecessor-version":[{"id":261,"href":"https:\/\/www.gee-equestrian.de\/shop\/wp-json\/wp\/v2\/pages\/2\/revisions\/261"}],"wp:attachment":[{"href":"https:\/\/www.gee-equestrian.de\/shop\/wp-json\/wp\/v2\/media?parent=2"}],"curies":[{"name":"wp","href":"https:\/\/api.w.org\/{rel}","templated":true}]}}