{"id":12,"date":"2016-12-06T10:22:47","date_gmt":"2016-12-06T09:22:47","guid":{"rendered":"http:\/\/www.gee-equestrian.de\/shop\/?page_id=12"},"modified":"2017-05-18T09:26:28","modified_gmt":"2017-05-18T07:26:28","slug":"materialpflege","status":"publish","type":"page","link":"https:\/\/www.gee-equestrian.de\/shop\/materialpflege\/","title":{"rendered":"Materialpflege"},"content":{"rendered":"<h1 class=\"page-title\">Materialpflege (Lederpflege)<\/h1>\n<p><strong>GEE Gerdes Equestrian Equipment Materialpflege &#8211; Tipps und Empfehlungen:<\/strong><\/p>\n<p>Die <strong>Pflegebed\u00fcrfnisse<\/strong> jedes Ledererzeugnisses sind individuell. Sie h\u00e4ngen davon ab, wie ein Leder hergestellt wurde, wie es verarbeitet ist, wozu es verwendet wird, wie alt es ist und nicht zuletzt auch davon, wie intensiv es beansprucht wird, also Verschlei\u00df und Umwelteinfl\u00fcssen ausgesetzt ist.<\/p>\n<p><strong>Lederfett<br \/>\n<\/strong>Im Zaumzeugbereich kommen vor allem Lederfette zum Einsatz, z. B. auf Vaselinebasis, oder auf Basis tierischer Fette. Sie haben vor allem eine hydrophobierende (wasserabweisende) und nat\u00fcrlich r\u00fcckfettende Wirkung, sind aber nur f\u00fcr gedeckte Glattleder geeignet, da sie auf offenporigen Ledern (Rauleder, Anilinleder) nicht zu entfernende Flecken und R\u00fcckst\u00e4nde hinterlassen. Ihre Struktur ist je nach Umgebungstemperatur z\u00e4h bis cremig. Lederfette sind aufgrund der starken R\u00fcckfettung eher f\u00fcr Leder f\u00fcr starke Beanspruchung und im Au\u00dfenbereich empfehlenswert.<\/p>\n<p><strong>Leder\u00f6l<br \/>\n<\/strong>Wenn es bei verh\u00e4rteten und ausgetrockneten Ledern auf eine Durchtr\u00e4nkung und Impr\u00e4gnierung des Leders mit r\u00fcckfettenden Stoffen ankommt ist fl\u00fcssiges Leder\u00f6l die beste Wahl. Auch hier sind f\u00fcr die Behandlung nur gedeckte Leder, keine offenporigen Leder geeignet. Dieses sollte jedoch nicht zu h\u00e4ufig angewendet werden, da sich die N\u00e4hte ebenfalls mit Leder\u00f6l tr\u00e4nken und por\u00f6s werden k\u00f6nnen.\u00a0 Sattelseife und Sattelseifenspray Eine Seife bzw. ein Spray, die historisch f\u00fcr die Reinigung von S\u00e4tteln, Riemen und \u00e4hnlichen Artikeln verwendet wurde. Sattelseife wird im Handel sowohl in fl\u00fcssiger als auch in fester Form angeboten.<\/p>\n<p><strong>Balsam<br \/>\n<\/strong>Als Lederbalsam werden oft Pflegemittel f\u00fcr gedeckte Glattleder angeboten, die auf Basis von Harzen und Wachsen, etwa Bienenwachs, hergestellt wurden. Ihre Hauptwirkung besteht in der wasser- und schmutzabweisenden Beschichtung. Produkte auf Harz- oder Wachsbasis dienen haupts\u00e4chlich der Impr\u00e4gnierung. Daher sind diese Produkte eher f\u00fcr Au\u00dfenleder geeignet. Die porenschlie\u00dfende Wirkung von Harzen und Wachsen, die R\u00fcckpolierbarkeit und insbesondere die knarzverst\u00e4rkende Wirkung von Bienenwachs sind ideal f\u00fcr die Pflege von Zaumzeug und S\u00e4tteln.<\/p>\n","protected":false},"excerpt":{"rendered":"<p>Materialpflege (Lederpflege) GEE Gerdes Equestrian Equipment Materialpflege &#8211; Tipps und Empfehlungen: Die Pflegebed\u00fcrfnisse jedes Ledererzeugnisses sind individuell. Sie h\u00e4ngen davon ab, wie ein Leder hergestellt wurde, wie es verarbeitet ist, wozu es verwendet wird, wie alt es ist und nicht zuletzt auch davon, wie intensiv es beansprucht wird, also Verschlei\u00df und Umwelteinfl\u00fcssen ausgesetzt ist. Lederfett [&hellip;]<\/p>\n","protected":false},"author":1,"featured_media":0,"parent":0,"menu_order":0,"comment_status":"closed","ping_status":"closed","template":"","meta":[],"_links":{"self":[{"href":"https:\/\/www.gee-equestrian.de\/shop\/wp-json\/wp\/v2\/pages\/12"}],"collection":[{"href":"https:\/\/www.gee-equestrian.de\/shop\/wp-json\/wp\/v2\/pages"}],"about":[{"href":"https:\/\/www.gee-equestrian.de\/shop\/wp-json\/wp\/v2\/types\/page"}],"author":[{"embeddable":true,"href":"https:\/\/www.gee-equestrian.de\/shop\/wp-json\/wp\/v2\/users\/1"}],"replies":[{"embeddable":true,"href":"https:\/\/www.gee-equestrian.de\/shop\/wp-json\/wp\/v2\/comments?post=12"}],"version-history":[{"count":9,"href":"https:\/\/www.gee-equestrian.de\/shop\/wp-json\/wp\/v2\/pages\/12\/revisions"}],"predecessor-version":[{"id":177,"href":"https:\/\/www.gee-equestrian.de\/shop\/wp-json\/wp\/v2\/pages\/12\/revisions\/177"}],"wp:attachment":[{"href":"https:\/\/www.gee-equestrian.de\/shop\/wp-json\/wp\/v2\/media?parent=12"}],"curies":[{"name":"wp","href":"https:\/\/api.w.org\/{rel}","templated":true}]}}